{"id":9710,"date":"2025-09-08T11:58:17","date_gmt":"2025-09-08T10:58:17","guid":{"rendered":"https:\/\/wasnerag.ch\/impressum\/"},"modified":"2025-12-03T14:27:57","modified_gmt":"2025-12-03T13:27:57","slug":"mentions-legales","status":"publish","type":"page","link":"https:\/\/wasnerag.ch\/fr\/mentions-legales\/","title":{"rendered":"Mentions l\u00e9gales"},"content":{"rendered":"\t\t<div data-elementor-type=\"wp-page\" data-elementor-id=\"9710\" class=\"elementor elementor-9710 elementor-6360\" data-elementor-post-type=\"page\">\n\t\t\t\t<div class=\"elementor-element elementor-element-17c92560 e-flex e-con-boxed e-con e-parent\" data-id=\"17c92560\" data-element_type=\"container\" data-e-type=\"container\" data-settings=\"{&quot;background_background&quot;:&quot;classic&quot;}\">\n\t\t\t\t\t<div class=\"e-con-inner\">\n\t\t\t\t<div class=\"elementor-element elementor-element-78de8b32 elementor-widget elementor-widget-heading\" data-id=\"78de8b32\" data-element_type=\"widget\" data-e-type=\"widget\" data-widget_type=\"heading.default\">\n\t\t\t\t<div class=\"elementor-widget-container\">\n\t\t\t\t\t<h1 class=\"elementor-heading-title elementor-size-default\">Mentions l\u00e9gales<\/h1>\t\t\t\t<\/div>\n\t\t\t\t<\/div>\n\t\t\t\t\t<\/div>\n\t\t\t\t<\/div>\n\t\t<div class=\"elementor-element elementor-element-f0dd4a0 e-flex e-con-boxed e-con e-parent\" data-id=\"f0dd4a0\" data-element_type=\"container\" data-e-type=\"container\" data-settings=\"{&quot;background_background&quot;:&quot;classic&quot;}\">\n\t\t\t\t\t<div class=\"e-con-inner\">\n\t\t\t\t<div class=\"elementor-element elementor-element-c7b4def elementor-widget elementor-widget-text-editor\" data-id=\"c7b4def\" data-element_type=\"widget\" data-e-type=\"widget\" data-widget_type=\"text-editor.default\">\n\t\t\t\t<div class=\"elementor-widget-container\">\n\t\t\t\t\t\t\t\t\t<p>\u00c9diteur et responsable du contenu :<br \/>Wasner AG<br \/>Jungfraustrasse 19<br \/>3661 Uetendorf<br \/>T +41 33 345 75 50<br \/>info@wasnerag.ch<br \/>wasnerag.ch<\/p><p>\u00a0<\/p><p>Utilisation des images :<br \/>Toutes les images sont prot\u00e9g\u00e9es par des droits d&rsquo;auteur. Il est interdit d&rsquo;utiliser, de reproduire ou de modifier ces \u0153uvres sans l&rsquo;autorisation de leurs auteurs. Le non-respect de la loi sur les droits d&rsquo;auteur est passible de poursuites civiles.<\/p><p>\u00a0<\/p><p>D\u00e9veloppement :<br \/>Armin Oppliger<br \/>Agence web<br \/>T +41 79 344 07 33<br \/>mail@arminoppliger.ch<br \/><a href=\"http:\/\/arminoppliger.ch\" target=\"_blank\" rel=\"noopener\">arminoppliger.ch<\/a><\/p><p>\u00a0<\/p><p>Design&amp;photographie :<br \/>ueligyger.ch<br \/>weingartenstrasse 21<br \/>3652 hilterfingen<br \/>T +41 79 432 92 69<br \/>mail@ueligyger.ch<br \/><a href=\"https:\/\/www.ueligyger.ch\/\" target=\"_blank\" rel=\"noopener\">ueligyger.ch<\/a><\/p>\t\t\t\t\t\t\t\t<\/div>\n\t\t\t\t<\/div>\n\t\t\t\t\t<\/div>\n\t\t\t\t<\/div>\n\t\t\t\t<\/div>\n\t\t","protected":false},"excerpt":{"rendered":"<p>Mentions l\u00e9gales \u00c9diteur et responsable du contenu :Wasner AGJungfraustrasse 193661 UetendorfT +41 33 345 75 50info@wasnerag.chwasnerag.ch \u00a0 Utilisation des images :Toutes les images sont prot\u00e9g\u00e9es par des droits d&rsquo;auteur. Il est interdit d&rsquo;utiliser, de reproduire ou de modifier ces \u0153uvres sans l&rsquo;autorisation de leurs auteurs. Le non-respect de la loi sur les droits d&rsquo;auteur est [&hellip;]<\/p>\n","protected":false},"author":7,"featured_media":0,"parent":0,"menu_order":43,"comment_status":"closed","ping_status":"closed","template":"","meta":{"_acf_changed":false,"footnotes":""},"class_list":["post-9710","page","type-page","status-publish","hentry"],"acf":[],"_links":{"self":[{"href":"https:\/\/wasnerag.ch\/fr\/wp-json\/wp\/v2\/pages\/9710","targetHints":{"allow":["GET"]}}],"collection":[{"href":"https:\/\/wasnerag.ch\/fr\/wp-json\/wp\/v2\/pages"}],"about":[{"href":"https:\/\/wasnerag.ch\/fr\/wp-json\/wp\/v2\/types\/page"}],"author":[{"embeddable":true,"href":"https:\/\/wasnerag.ch\/fr\/wp-json\/wp\/v2\/users\/7"}],"replies":[{"embeddable":true,"href":"https:\/\/wasnerag.ch\/fr\/wp-json\/wp\/v2\/comments?post=9710"}],"version-history":[{"count":5,"href":"https:\/\/wasnerag.ch\/fr\/wp-json\/wp\/v2\/pages\/9710\/revisions"}],"predecessor-version":[{"id":10103,"href":"https:\/\/wasnerag.ch\/fr\/wp-json\/wp\/v2\/pages\/9710\/revisions\/10103"}],"wp:attachment":[{"href":"https:\/\/wasnerag.ch\/fr\/wp-json\/wp\/v2\/media?parent=9710"}],"curies":[{"name":"wp","href":"https:\/\/api.w.org\/{rel}","templated":true}]}}